{"id":374,"date":"2025-06-17T09:44:07","date_gmt":"2025-06-17T09:44:07","guid":{"rendered":"https:\/\/www.mesviajes.com\/?page_id=374"},"modified":"2025-08-26T18:21:12","modified_gmt":"2025-08-26T18:21:12","slug":"diario-de-viaje","status":"publish","type":"page","link":"https:\/\/www.mesviajes.com\/index.php\/diario-de-viaje\/","title":{"rendered":"DIARIO DE VIAJE"},"content":{"rendered":"\t\t<div data-elementor-type=\"wp-page\" data-elementor-id=\"374\" class=\"elementor elementor-374\" data-elementor-settings=\"{&quot;ha_cmc_init_switcher&quot;:&quot;no&quot;}\">\n\t\t\t\t<div class=\"elementor-element elementor-element-0b103b3 e-flex e-con-boxed e-con e-parent\" data-id=\"0b103b3\" data-element_type=\"container\" data-e-type=\"container\" data-settings=\"{&quot;background_background&quot;:&quot;classic&quot;,&quot;_ha_eqh_enable&quot;:false}\">\n\t\t\t\t\t<div class=\"e-con-inner\">\n\t\t\t\t<div class=\"elementor-element elementor-element-3367b06 elementor-widget elementor-widget-heading\" data-id=\"3367b06\" data-element_type=\"widget\" data-e-type=\"widget\" data-widget_type=\"heading.default\">\n\t\t\t\t<div class=\"elementor-widget-container\">\n\t\t\t\t\t<h2 class=\"elementor-heading-title elementor-size-default\">DIARIO DE VIAJE<\/h2>\t\t\t\t<\/div>\n\t\t\t\t<\/div>\n\t\t\t\t\t<\/div>\n\t\t\t\t<\/div>\n\t\t<div class=\"elementor-element elementor-element-4c0a11e e-flex e-con-boxed e-con e-parent\" data-id=\"4c0a11e\" data-element_type=\"container\" data-e-type=\"container\" data-settings=\"{&quot;background_background&quot;:&quot;classic&quot;,&quot;_ha_eqh_enable&quot;:false}\">\n\t\t\t\t\t<div class=\"e-con-inner\">\n\t\t\t\t<div class=\"elementor-element elementor-element-62e7508 elementor-widget elementor-widget-image\" data-id=\"62e7508\" data-element_type=\"widget\" data-e-type=\"widget\" data-widget_type=\"image.default\">\n\t\t\t\t<div class=\"elementor-widget-container\">\n\t\t\t\t\t\t\t\t\t\t\t\t\t\t\t<img fetchpriority=\"high\" decoding=\"async\" width=\"750\" height=\"563\" src=\"https:\/\/www.mesviajes.com\/wp-content\/uploads\/2025\/08\/IMG-20250507-WA0021-768x576.jpg\" class=\"attachment-medium_large size-medium_large wp-image-1382\" alt=\"\" srcset=\"https:\/\/www.mesviajes.com\/wp-content\/uploads\/2025\/08\/IMG-20250507-WA0021-768x576.jpg 768w, https:\/\/www.mesviajes.com\/wp-content\/uploads\/2025\/08\/IMG-20250507-WA0021-300x225.jpg 300w, https:\/\/www.mesviajes.com\/wp-content\/uploads\/2025\/08\/IMG-20250507-WA0021-1024x768.jpg 1024w, https:\/\/www.mesviajes.com\/wp-content\/uploads\/2025\/08\/IMG-20250507-WA0021-1536x1152.jpg 1536w, https:\/\/www.mesviajes.com\/wp-content\/uploads\/2025\/08\/IMG-20250507-WA0021-1568x1176.jpg 1568w, https:\/\/www.mesviajes.com\/wp-content\/uploads\/2025\/08\/IMG-20250507-WA0021.jpg 1600w\" sizes=\"(max-width: 750px) 100vw, 750px\" style=\"width:100%;height:75%;max-width:1600px\" \/>\t\t\t\t\t\t\t\t\t\t\t\t\t\t\t<\/div>\n\t\t\t\t<\/div>\n\t\t\t\t<div class=\"elementor-element elementor-element-e0e242a elementor-widget elementor-widget-elementskit-heading\" data-id=\"e0e242a\" data-element_type=\"widget\" data-e-type=\"widget\" data-widget_type=\"elementskit-heading.default\">\n\t\t\t\t<div class=\"elementor-widget-container\">\n\t\t\t\t\t<div class=\"ekit-wid-con\" ><div class=\"ekit-heading elementskit-section-title-wraper center   ekit_heading_tablet-   ekit_heading_mobile-\"><a href=\"https:\/\/www.mesviajes.com\/index.php\/2025\/06\/17\/viajar-al-sudeste-asiatico\/\"><h2 class=\"ekit-heading--title elementskit-section-title \">Slow travel en el Sudeste Asi\u00e1tico: menos prisa, m\u00e1s magia<\/h2><\/a>\t\t\t\t<div class='ekit-heading__description'>\n\t\t\t\t\t<p>En un mundo donde todo parece ir deprisa, el verdadero lujo es detenerse.<\/p>\n<p>El slow travel \u2014o viajar sin prisa\u2014 se ha convertido en la filosof\u00eda preferida de quienes buscan una experiencia aut\u00e9ntica, profunda y transformadora.<\/p>\n<p>Y pocos lugares como el Sudeste Asi\u00e1tico invitan tanto a bajar el ritmo y dejarse llevar. As\u00ed somos en Mes Viajes y por eso te hemos preparado este art\u00edculo.<\/p>\n\t\t\t\t<\/div>\n\t\t\t<\/div><\/div>\t\t\t\t<\/div>\n\t\t\t\t<\/div>\n\t\t\t\t\t<\/div>\n\t\t\t\t<\/div>\n\t\t<div class=\"elementor-element elementor-element-ae8005c e-flex e-con-boxed e-con e-parent\" data-id=\"ae8005c\" data-element_type=\"container\" data-e-type=\"container\" id=\"xs_soft_full_grid_post_2\" data-settings=\"{&quot;background_background&quot;:&quot;classic&quot;,&quot;_ha_eqh_enable&quot;:false}\">\n\t\t\t\t\t<div class=\"e-con-inner\">\n\t\t\t\t<div class=\"elementor-element elementor-element-cf237d9 elementor-widget elementor-widget-image\" data-id=\"cf237d9\" data-element_type=\"widget\" data-e-type=\"widget\" data-widget_type=\"image.default\">\n\t\t\t\t<div class=\"elementor-widget-container\">\n\t\t\t\t\t\t\t\t\t\t\t\t\t\t\t<img decoding=\"async\" width=\"750\" height=\"500\" src=\"https:\/\/www.mesviajes.com\/wp-content\/uploads\/2025\/07\/day03_gardens_bay_1536x1024-1-768x512.jpg\" class=\"attachment-medium_large size-medium_large wp-image-1196\" alt=\"\" srcset=\"https:\/\/www.mesviajes.com\/wp-content\/uploads\/2025\/07\/day03_gardens_bay_1536x1024-1-768x512.jpg 768w, https:\/\/www.mesviajes.com\/wp-content\/uploads\/2025\/07\/day03_gardens_bay_1536x1024-1-300x200.jpg 300w, https:\/\/www.mesviajes.com\/wp-content\/uploads\/2025\/07\/day03_gardens_bay_1536x1024-1-1024x683.jpg 1024w, https:\/\/www.mesviajes.com\/wp-content\/uploads\/2025\/07\/day03_gardens_bay_1536x1024-1.jpg 1536w\" sizes=\"(max-width: 750px) 100vw, 750px\" style=\"width:100%;height:66.67%;max-width:1536px\" \/>\t\t\t\t\t\t\t\t\t\t\t\t\t\t\t<\/div>\n\t\t\t\t<\/div>\n\t\t\t\t<div class=\"elementor-element elementor-element-237b595c elementor-widget elementor-widget-elementskit-heading\" data-id=\"237b595c\" data-element_type=\"widget\" data-e-type=\"widget\" data-widget_type=\"elementskit-heading.default\">\n\t\t\t\t<div class=\"elementor-widget-container\">\n\t\t\t\t\t<div class=\"ekit-wid-con\" ><div class=\"ekit-heading elementskit-section-title-wraper center   ekit_heading_tablet-   ekit_heading_mobile-\"><a href=\"https:\/\/www.mesviajes.com\/index.php\/2025\/06\/17\/viajar-al-sudeste-asiatico\/\"><h2 class=\"ekit-heading--title elementskit-section-title \">Viajar al Sudeste Asi\u00e1tico en 2025: 5 destinos poco conocidos que est\u00e1n conquistando Instagram<\/h2><\/a>\t\t\t\t<div class='ekit-heading__description'>\n\t\t\t\t\t<p><span style=\"color: #000000\">El Sudeste Asi\u00e1tico sigue siendo uno de los destinos m\u00e1s deseados por los viajeros en 2025, pero la tendencia ya no es visitar los cl\u00e1sicos como Bangkok o Angkor Wat.<\/span><\/p>\n<p><span style=\"color: #000000\">Hoy, los exploradores m\u00e1s curiosos buscan lugares aut\u00e9nticos y menos saturados, ideales para una experiencia \u00edntima, cultural y visualmente impactante.<\/span><\/p>\n<p><span style=\"color: #000000\">Si buscas un destino diferente que te haga sentir \u00fanico, este art\u00edculo es para ti.<\/span><\/p>\n\t\t\t\t<\/div>\n\t\t\t<\/div><\/div>\t\t\t\t<\/div>\n\t\t\t\t<\/div>\n\t\t\t\t\t<\/div>\n\t\t\t\t<\/div>\n\t\t<div class=\"elementor-element elementor-element-94365e2 e-flex e-con-boxed e-con e-parent\" data-id=\"94365e2\" data-element_type=\"container\" data-e-type=\"container\" data-settings=\"{&quot;background_background&quot;:&quot;classic&quot;,&quot;_ha_eqh_enable&quot;:false}\">\n\t\t\t\t\t<div class=\"e-con-inner\">\n\t\t\t\t<div class=\"elementor-element elementor-element-b8adc5a elementor-widget elementor-widget-image\" data-id=\"b8adc5a\" data-element_type=\"widget\" data-e-type=\"widget\" data-widget_type=\"image.default\">\n\t\t\t\t<div class=\"elementor-widget-container\">\n\t\t\t\t\t\t\t\t\t\t\t\t\t\t\t\t<a href=\"https:\/\/www.mesviajes.com\/index.php\/2025\/06\/17\/bienestar-y-espiritualidad-en-tailandia-y-bali\/\">\n\t\t\t\t\t\t\t<img decoding=\"async\" width=\"1536\" height=\"768\" src=\"https:\/\/www.mesviajes.com\/wp-content\/uploads\/2025\/08\/pag_general_viajes_tailandia-thumbnail_webp-1920x960-1-1536x768.webp\" class=\"attachment-1536x1536 size-1536x1536 wp-image-1402\" alt=\"\" srcset=\"https:\/\/www.mesviajes.com\/wp-content\/uploads\/2025\/08\/pag_general_viajes_tailandia-thumbnail_webp-1920x960-1-1536x768.webp 1536w, https:\/\/www.mesviajes.com\/wp-content\/uploads\/2025\/08\/pag_general_viajes_tailandia-thumbnail_webp-1920x960-1-300x150.webp 300w, https:\/\/www.mesviajes.com\/wp-content\/uploads\/2025\/08\/pag_general_viajes_tailandia-thumbnail_webp-1920x960-1-1024x512.webp 1024w, https:\/\/www.mesviajes.com\/wp-content\/uploads\/2025\/08\/pag_general_viajes_tailandia-thumbnail_webp-1920x960-1-768x384.webp 768w, https:\/\/www.mesviajes.com\/wp-content\/uploads\/2025\/08\/pag_general_viajes_tailandia-thumbnail_webp-1920x960-1-1568x784.webp 1568w, https:\/\/www.mesviajes.com\/wp-content\/uploads\/2025\/08\/pag_general_viajes_tailandia-thumbnail_webp-1920x960-1.webp 1920w\" sizes=\"(max-width: 1536px) 100vw, 1536px\" style=\"width:100%;height:50%;max-width:1920px\" \/>\t\t\t\t\t\t\t\t<\/a>\n\t\t\t\t\t\t\t\t\t\t\t\t\t\t\t<\/div>\n\t\t\t\t<\/div>\n\t\t\t\t<div class=\"elementor-element elementor-element-231473c elementor-widget elementor-widget-elementskit-heading\" data-id=\"231473c\" data-element_type=\"widget\" data-e-type=\"widget\" data-widget_type=\"elementskit-heading.default\">\n\t\t\t\t<div class=\"elementor-widget-container\">\n\t\t\t\t\t<div class=\"ekit-wid-con\" ><div class=\"ekit-heading elementskit-section-title-wraper center   ekit_heading_tablet-   ekit_heading_mobile-\"><a href=\"https:\/\/www.mesviajes.com\/index.php\/2025\/06\/17\/bienestar-y-espiritualidad-en-tailandia-y-bali\/\"><h2 class=\"ekit-heading--title elementskit-section-title \">Bienestar y espiritualidad en Tailandia y Bali: los retiros que transforman tu viaje en 2025<\/h2><\/a>\t\t\t\t<div class='ekit-heading__description'>\n\t\t\t\t\t<p><span style=\"color: #000000\">Cada vez m\u00e1s viajeros buscan algo m\u00e1s profundo que un simple recorrido tur\u00edstico: buscan conexi\u00f3n, pausa y transformaci\u00f3n. <\/span><\/p>\n<p><span style=\"color: #000000\">En 2025, los retiros de bienestar en Tailandia y Bali se han convertido en un verdadero im\u00e1n para quienes desean reconectar con su cuerpo, su mente y su prop\u00f3sito de vida.<\/span><\/p>\n<p><span style=\"color: #000000\"> Y s\u00ed, se puede viajar en grupo sin renunciar a la paz interior, desc\u00fabrelo aqu\u00ed.<\/span><\/p>\n\t\t\t\t<\/div>\n\t\t\t<\/div><\/div>\t\t\t\t<\/div>\n\t\t\t\t<\/div>\n\t\t\t\t\t<\/div>\n\t\t\t\t<\/div>\n\t\t<div class=\"elementor-element elementor-element-a1b2149 e-con-full e-flex e-con e-parent\" data-id=\"a1b2149\" data-element_type=\"container\" data-e-type=\"container\" data-settings=\"{&quot;background_background&quot;:&quot;classic&quot;,&quot;_ha_eqh_enable&quot;:false}\">\n\t\t\t\t<div class=\"elementor-element elementor-element-cfb1f57 elementor-widget-mobile__width-initial elementor-widget elementor-widget-image\" data-id=\"cfb1f57\" data-element_type=\"widget\" data-e-type=\"widget\" data-widget_type=\"image.default\">\n\t\t\t\t<div class=\"elementor-widget-container\">\n\t\t\t\t\t\t\t\t\t\t\t\t\t\t\t\t<a href=\"https:\/\/www.mesviajes.com\/index.php\/2025\/06\/26\/sabores-que-enamoran\/\">\n\t\t\t\t\t\t\t<img loading=\"lazy\" decoding=\"async\" width=\"1536\" height=\"864\" src=\"https:\/\/www.mesviajes.com\/wp-content\/uploads\/2025\/06\/pexels-tirachard-kumtanom-112571-472309-1536x864.jpg\" class=\"attachment-1536x1536 size-1536x1536 wp-image-754\" alt=\"\" srcset=\"https:\/\/www.mesviajes.com\/wp-content\/uploads\/2025\/06\/pexels-tirachard-kumtanom-112571-472309-1536x864.jpg 1536w, https:\/\/www.mesviajes.com\/wp-content\/uploads\/2025\/06\/pexels-tirachard-kumtanom-112571-472309-300x169.jpg 300w, https:\/\/www.mesviajes.com\/wp-content\/uploads\/2025\/06\/pexels-tirachard-kumtanom-112571-472309-1024x576.jpg 1024w, https:\/\/www.mesviajes.com\/wp-content\/uploads\/2025\/06\/pexels-tirachard-kumtanom-112571-472309-768x432.jpg 768w, https:\/\/www.mesviajes.com\/wp-content\/uploads\/2025\/06\/pexels-tirachard-kumtanom-112571-472309-2048x1152.jpg 2048w, https:\/\/www.mesviajes.com\/wp-content\/uploads\/2025\/06\/pexels-tirachard-kumtanom-112571-472309-1568x882.jpg 1568w\" sizes=\"(max-width: 1536px) 100vw, 1536px\" style=\"width:100%;height:56.25%;max-width:2560px\" \/>\t\t\t\t\t\t\t\t<\/a>\n\t\t\t\t\t\t\t\t\t\t\t\t\t\t\t<\/div>\n\t\t\t\t<\/div>\n\t\t\t\t<div class=\"elementor-element elementor-element-8061af5 elementor-widget elementor-widget-elementskit-heading\" data-id=\"8061af5\" data-element_type=\"widget\" data-e-type=\"widget\" data-widget_type=\"elementskit-heading.default\">\n\t\t\t\t<div class=\"elementor-widget-container\">\n\t\t\t\t\t<div class=\"ekit-wid-con\" ><div class=\"ekit-heading elementskit-section-title-wraper center   ekit_heading_tablet-   ekit_heading_mobile-\"><a href=\"https:\/\/www.mesviajes.com\/index.php\/2025\/06\/26\/sabores-que-enamoran\/\"><h2 class=\"ekit-heading--title elementskit-section-title \">Sabores que enamoran: 5 experiencias gastron\u00f3micas \u00fanicas en Vietnam, Tailandia y Camboya<\/h2><\/a>\t\t\t\t<div class='ekit-heading__description'>\n\t\t\t\t\t<p>El Sudeste Asi\u00e1tico no solo se recorre con los pies, tambi\u00e9n se descubre con el paladar.<\/p>\n<p>En 2025, el turismo gastron\u00f3mico sigue creciendo, especialmente entre quienes desean vivir la cultura a trav\u00e9s de sus sabores.\u00a0<\/p>\n<p>Y no hablamos solo de restaurantes: nos referimos a mercados locales, clases de cocina y cenas caseras en pueblos donde el tiempo se detiene.<\/p>\n\t\t\t\t<\/div>\n\t\t\t<\/div><\/div>\t\t\t\t<\/div>\n\t\t\t\t<\/div>\n\t\t\t\t<\/div>\n\t\t<div class=\"elementor-element elementor-element-9d5c09d e-flex e-con-boxed e-con e-parent\" data-id=\"9d5c09d\" data-element_type=\"container\" data-e-type=\"container\" data-settings=\"{&quot;background_background&quot;:&quot;classic&quot;,&quot;_ha_eqh_enable&quot;:false}\">\n\t\t\t\t\t<div class=\"e-con-inner\">\n\t\t\t\t<div class=\"elementor-element elementor-element-94cf105 elementor-widget elementor-widget-image\" data-id=\"94cf105\" data-element_type=\"widget\" data-e-type=\"widget\" data-widget_type=\"image.default\">\n\t\t\t\t<div class=\"elementor-widget-container\">\n\t\t\t\t\t\t\t\t\t\t\t\t\t\t\t<img loading=\"lazy\" decoding=\"async\" width=\"750\" height=\"500\" src=\"https:\/\/www.mesviajes.com\/wp-content\/uploads\/2025\/06\/Camboya-pueblo-Khemr-768x512.jpg\" class=\"attachment-medium_large size-medium_large wp-image-1023\" alt=\"\" srcset=\"https:\/\/www.mesviajes.com\/wp-content\/uploads\/2025\/06\/Camboya-pueblo-Khemr-768x512.jpg 768w, https:\/\/www.mesviajes.com\/wp-content\/uploads\/2025\/06\/Camboya-pueblo-Khemr-300x200.jpg 300w, https:\/\/www.mesviajes.com\/wp-content\/uploads\/2025\/06\/Camboya-pueblo-Khemr-1024x682.jpg 1024w, https:\/\/www.mesviajes.com\/wp-content\/uploads\/2025\/06\/Camboya-pueblo-Khemr-1536x1023.jpg 1536w, https:\/\/www.mesviajes.com\/wp-content\/uploads\/2025\/06\/Camboya-pueblo-Khemr-1568x1045.jpg 1568w, https:\/\/www.mesviajes.com\/wp-content\/uploads\/2025\/06\/Camboya-pueblo-Khemr.jpg 1920w\" sizes=\"(max-width: 750px) 100vw, 750px\" style=\"width:100%;height:66.61%;max-width:1920px\" \/>\t\t\t\t\t\t\t\t\t\t\t\t\t\t\t<\/div>\n\t\t\t\t<\/div>\n\t\t\t\t<div class=\"elementor-element elementor-element-f5163e6 elementor-widget elementor-widget-elementskit-heading\" data-id=\"f5163e6\" data-element_type=\"widget\" data-e-type=\"widget\" data-widget_type=\"elementskit-heading.default\">\n\t\t\t\t<div class=\"elementor-widget-container\">\n\t\t\t\t\t<div class=\"ekit-wid-con\" ><div class=\"ekit-heading elementskit-section-title-wraper center   ekit_heading_tablet-   ekit_heading_mobile-\"><a href=\"https:\/\/www.mesviajes.com\/index.php\/2025\/06\/17\/viajar-al-sudeste-asiatico\/\"><h2 class=\"ekit-heading--title elementskit-section-title \">Turismo responsable en Asia: experiencias aut\u00e9nticas con elefantes y comunidades locales<\/h2><\/a>\t\t\t\t<div class='ekit-heading__description'>\n\t\t\t\t\t<p>Cada vez m\u00e1s viajeros son conscientes del impacto que su presencia puede tener en los destinos que visitan.<\/p>\n<p>En 2025, el turismo \u00e9tico en el Sudeste Asi\u00e1tico ya no es una tendencia, sino una necesidad.<\/p>\n<p>Viajar con responsabilidad significa respetar la vida animal, apoyar a las comunidades locales y elegir experiencias que dejen huella positiva.<\/p>\n\t\t\t\t<\/div>\n\t\t\t<\/div><\/div>\t\t\t\t<\/div>\n\t\t\t\t<\/div>\n\t\t\t\t\t<\/div>\n\t\t\t\t<\/div>\n\t\t\t\t<\/div>\n\t\t","protected":false},"excerpt":{"rendered":"<p>DIARIO DE VIAJE Slow travel en el Sudeste Asi\u00e1tico: menos prisa, m\u00e1s magia En un mundo donde todo parece ir deprisa, el verdadero lujo es detenerse. El slow travel \u2014o viajar sin prisa\u2014 se ha convertido en la filosof\u00eda preferida de quienes buscan una experiencia aut\u00e9ntica, profunda y transformadora. Y pocos lugares como el Sudeste&hellip; <a class=\"more-link\" href=\"https:\/\/www.mesviajes.com\/index.php\/diario-de-viaje\/\">Seguir leyendo <span class=\"screen-reader-text\">DIARIO DE VIAJE<\/span><\/a><\/p>\n","protected":false},"author":1,"featured_media":0,"parent":0,"menu_order":0,"comment_status":"closed","ping_status":"closed","template":"elementor_header_footer","meta":{"_acf_changed":false,"footnotes":""},"class_list":["post-374","page","type-page","status-publish","hentry","entry"],"acf":[],"yoast_head":"<!-- This site is optimized with the Yoast SEO plugin v27.4 - https:\/\/yoast.com\/product\/yoast-seo-wordpress\/ -->\n<title>DIARIO DE VIAJE - Mes Viajes, vive la experiencia<\/title>\n<meta name=\"robots\" content=\"index, follow, max-snippet:-1, max-image-preview:large, max-video-preview:-1\" \/>\n<link rel=\"canonical\" href=\"https:\/\/www.mesviajes.com\/index.php\/diario-de-viaje\/\" \/>\n<meta property=\"og:locale\" content=\"es_ES\" \/>\n<meta property=\"og:type\" content=\"article\" \/>\n<meta property=\"og:title\" content=\"DIARIO DE VIAJE - Mes Viajes, vive la experiencia\" \/>\n<meta property=\"og:description\" content=\"DIARIO DE VIAJE Slow travel en el Sudeste Asi\u00e1tico: menos prisa, m\u00e1s magia En un mundo donde todo parece ir deprisa, el verdadero lujo es detenerse. El slow travel \u2014o viajar sin prisa\u2014 se ha convertido en la filosof\u00eda preferida de quienes buscan una experiencia aut\u00e9ntica, profunda y transformadora. Y pocos lugares como el Sudeste&hellip; Seguir leyendo DIARIO DE VIAJE\" \/>\n<meta property=\"og:url\" content=\"https:\/\/www.mesviajes.com\/index.php\/diario-de-viaje\/\" \/>\n<meta property=\"og:site_name\" content=\"Mes Viajes, vive la experiencia\" \/>\n<meta property=\"article:modified_time\" content=\"2025-08-26T18:21:12+00:00\" \/>\n<meta property=\"og:image\" content=\"https:\/\/www.mesviajes.com\/wp-content\/uploads\/2025\/08\/IMG-20250507-WA0021.jpg\" \/>\n\t<meta property=\"og:image:width\" content=\"1600\" \/>\n\t<meta property=\"og:image:height\" content=\"1200\" \/>\n\t<meta property=\"og:image:type\" content=\"image\/jpeg\" \/>\n<meta name=\"twitter:card\" content=\"summary_large_image\" \/>\n<meta name=\"twitter:label1\" content=\"Tiempo de lectura\" \/>\n\t<meta name=\"twitter:data1\" content=\"3 minutos\" \/>\n<script type=\"application\/ld+json\" class=\"yoast-schema-graph\">{\"@context\":\"https:\\\/\\\/schema.org\",\"@graph\":[{\"@type\":\"WebPage\",\"@id\":\"https:\\\/\\\/www.mesviajes.com\\\/index.php\\\/diario-de-viaje\\\/\",\"url\":\"https:\\\/\\\/www.mesviajes.com\\\/index.php\\\/diario-de-viaje\\\/\",\"name\":\"DIARIO DE VIAJE - Mes Viajes, vive la experiencia\",\"isPartOf\":{\"@id\":\"https:\\\/\\\/www.mesviajes.com\\\/#website\"},\"primaryImageOfPage\":{\"@id\":\"https:\\\/\\\/www.mesviajes.com\\\/index.php\\\/diario-de-viaje\\\/#primaryimage\"},\"image\":{\"@id\":\"https:\\\/\\\/www.mesviajes.com\\\/index.php\\\/diario-de-viaje\\\/#primaryimage\"},\"thumbnailUrl\":\"https:\\\/\\\/www.mesviajes.com\\\/wp-content\\\/uploads\\\/2025\\\/08\\\/IMG-20250507-WA0021-768x576.jpg\",\"datePublished\":\"2025-06-17T09:44:07+00:00\",\"dateModified\":\"2025-08-26T18:21:12+00:00\",\"breadcrumb\":{\"@id\":\"https:\\\/\\\/www.mesviajes.com\\\/index.php\\\/diario-de-viaje\\\/#breadcrumb\"},\"inLanguage\":\"es\",\"potentialAction\":[{\"@type\":\"ReadAction\",\"target\":[\"https:\\\/\\\/www.mesviajes.com\\\/index.php\\\/diario-de-viaje\\\/\"]}]},{\"@type\":\"ImageObject\",\"inLanguage\":\"es\",\"@id\":\"https:\\\/\\\/www.mesviajes.com\\\/index.php\\\/diario-de-viaje\\\/#primaryimage\",\"url\":\"https:\\\/\\\/www.mesviajes.com\\\/wp-content\\\/uploads\\\/2025\\\/08\\\/IMG-20250507-WA0021.jpg\",\"contentUrl\":\"https:\\\/\\\/www.mesviajes.com\\\/wp-content\\\/uploads\\\/2025\\\/08\\\/IMG-20250507-WA0021.jpg\",\"width\":1600,\"height\":1200},{\"@type\":\"BreadcrumbList\",\"@id\":\"https:\\\/\\\/www.mesviajes.com\\\/index.php\\\/diario-de-viaje\\\/#breadcrumb\",\"itemListElement\":[{\"@type\":\"ListItem\",\"position\":1,\"name\":\"Portada\",\"item\":\"https:\\\/\\\/www.mesviajes.com\\\/\"},{\"@type\":\"ListItem\",\"position\":2,\"name\":\"DIARIO DE VIAJE\"}]},{\"@type\":\"WebSite\",\"@id\":\"https:\\\/\\\/www.mesviajes.com\\\/#website\",\"url\":\"https:\\\/\\\/www.mesviajes.com\\\/\",\"name\":\"Mes Viajes, vive la experiencia\",\"description\":\"Donde todo comienza\",\"potentialAction\":[{\"@type\":\"SearchAction\",\"target\":{\"@type\":\"EntryPoint\",\"urlTemplate\":\"https:\\\/\\\/www.mesviajes.com\\\/?s={search_term_string}\"},\"query-input\":{\"@type\":\"PropertyValueSpecification\",\"valueRequired\":true,\"valueName\":\"search_term_string\"}}],\"inLanguage\":\"es\"}]}<\/script>\n<!-- \/ Yoast SEO plugin. -->","yoast_head_json":{"title":"DIARIO DE VIAJE - Mes Viajes, vive la experiencia","robots":{"index":"index","follow":"follow","max-snippet":"max-snippet:-1","max-image-preview":"max-image-preview:large","max-video-preview":"max-video-preview:-1"},"canonical":"https:\/\/www.mesviajes.com\/index.php\/diario-de-viaje\/","og_locale":"es_ES","og_type":"article","og_title":"DIARIO DE VIAJE - Mes Viajes, vive la experiencia","og_description":"DIARIO DE VIAJE Slow travel en el Sudeste Asi\u00e1tico: menos prisa, m\u00e1s magia En un mundo donde todo parece ir deprisa, el verdadero lujo es detenerse. El slow travel \u2014o viajar sin prisa\u2014 se ha convertido en la filosof\u00eda preferida de quienes buscan una experiencia aut\u00e9ntica, profunda y transformadora. Y pocos lugares como el Sudeste&hellip; Seguir leyendo DIARIO DE VIAJE","og_url":"https:\/\/www.mesviajes.com\/index.php\/diario-de-viaje\/","og_site_name":"Mes Viajes, vive la experiencia","article_modified_time":"2025-08-26T18:21:12+00:00","og_image":[{"width":1600,"height":1200,"url":"https:\/\/www.mesviajes.com\/wp-content\/uploads\/2025\/08\/IMG-20250507-WA0021.jpg","type":"image\/jpeg"}],"twitter_card":"summary_large_image","twitter_misc":{"Tiempo de lectura":"3 minutos"},"schema":{"@context":"https:\/\/schema.org","@graph":[{"@type":"WebPage","@id":"https:\/\/www.mesviajes.com\/index.php\/diario-de-viaje\/","url":"https:\/\/www.mesviajes.com\/index.php\/diario-de-viaje\/","name":"DIARIO DE VIAJE - Mes Viajes, vive la experiencia","isPartOf":{"@id":"https:\/\/www.mesviajes.com\/#website"},"primaryImageOfPage":{"@id":"https:\/\/www.mesviajes.com\/index.php\/diario-de-viaje\/#primaryimage"},"image":{"@id":"https:\/\/www.mesviajes.com\/index.php\/diario-de-viaje\/#primaryimage"},"thumbnailUrl":"https:\/\/www.mesviajes.com\/wp-content\/uploads\/2025\/08\/IMG-20250507-WA0021-768x576.jpg","datePublished":"2025-06-17T09:44:07+00:00","dateModified":"2025-08-26T18:21:12+00:00","breadcrumb":{"@id":"https:\/\/www.mesviajes.com\/index.php\/diario-de-viaje\/#breadcrumb"},"inLanguage":"es","potentialAction":[{"@type":"ReadAction","target":["https:\/\/www.mesviajes.com\/index.php\/diario-de-viaje\/"]}]},{"@type":"ImageObject","inLanguage":"es","@id":"https:\/\/www.mesviajes.com\/index.php\/diario-de-viaje\/#primaryimage","url":"https:\/\/www.mesviajes.com\/wp-content\/uploads\/2025\/08\/IMG-20250507-WA0021.jpg","contentUrl":"https:\/\/www.mesviajes.com\/wp-content\/uploads\/2025\/08\/IMG-20250507-WA0021.jpg","width":1600,"height":1200},{"@type":"BreadcrumbList","@id":"https:\/\/www.mesviajes.com\/index.php\/diario-de-viaje\/#breadcrumb","itemListElement":[{"@type":"ListItem","position":1,"name":"Portada","item":"https:\/\/www.mesviajes.com\/"},{"@type":"ListItem","position":2,"name":"DIARIO DE VIAJE"}]},{"@type":"WebSite","@id":"https:\/\/www.mesviajes.com\/#website","url":"https:\/\/www.mesviajes.com\/","name":"Mes Viajes, vive la experiencia","description":"Donde todo comienza","potentialAction":[{"@type":"SearchAction","target":{"@type":"EntryPoint","urlTemplate":"https:\/\/www.mesviajes.com\/?s={search_term_string}"},"query-input":{"@type":"PropertyValueSpecification","valueRequired":true,"valueName":"search_term_string"}}],"inLanguage":"es"}]}},"_links":{"self":[{"href":"https:\/\/www.mesviajes.com\/index.php\/wp-json\/wp\/v2\/pages\/374","targetHints":{"allow":["GET"]}}],"collection":[{"href":"https:\/\/www.mesviajes.com\/index.php\/wp-json\/wp\/v2\/pages"}],"about":[{"href":"https:\/\/www.mesviajes.com\/index.php\/wp-json\/wp\/v2\/types\/page"}],"author":[{"embeddable":true,"href":"https:\/\/www.mesviajes.com\/index.php\/wp-json\/wp\/v2\/users\/1"}],"replies":[{"embeddable":true,"href":"https:\/\/www.mesviajes.com\/index.php\/wp-json\/wp\/v2\/comments?post=374"}],"version-history":[{"count":60,"href":"https:\/\/www.mesviajes.com\/index.php\/wp-json\/wp\/v2\/pages\/374\/revisions"}],"predecessor-version":[{"id":3066,"href":"https:\/\/www.mesviajes.com\/index.php\/wp-json\/wp\/v2\/pages\/374\/revisions\/3066"}],"wp:attachment":[{"href":"https:\/\/www.mesviajes.com\/index.php\/wp-json\/wp\/v2\/media?parent=374"}],"curies":[{"name":"wp","href":"https:\/\/api.w.org\/{rel}","templated":true}]}}